{"id":444,"date":"2024-04-10T15:29:43","date_gmt":"2024-04-10T15:29:43","guid":{"rendered":"https:\/\/saucedeluna.gob.ar\/?page_id=444"},"modified":"2026-04-09T14:40:32","modified_gmt":"2026-04-09T14:40:32","slug":"h-c-d","status":"publish","type":"page","link":"https:\/\/saucedeluna.gob.ar\/index.php\/h-c-d\/","title":{"rendered":"H.C.D"},"content":{"rendered":"\n<h1 class=\"wp-block-heading\">Honorable Concejo Deliberante<\/h1>\n\n\n\n<div class=\"wp-block-group is-vertical is-layout-flex wp-container-core-group-is-layout-8cf370e7 wp-block-group-is-layout-flex\">\n<div class=\"wp-block-group is-vertical is-layout-flex wp-container-core-group-is-layout-8cf370e7 wp-block-group-is-layout-flex\">\n<p id=\"block-dbdfc35a-0d0f-443f-97e9-d49a4ee084db\"><strong>AUTORIDADES:<\/strong><\/p>\n\n\n\n<ul id=\"block-ff7c6d8f-4b96-4c7a-a657-7e6c892efb0f\" class=\"wp-block-list\">\n<li><strong>Presidenta<\/strong> Soledad Zurdo<\/li>\n\n\n\n<li><strong>Secretario<\/strong> Garc\u00eda Arebalo Mar\u00eda Agostina<\/li>\n<\/ul>\n<\/div>\n\n\n\n<div class=\"wp-block-group is-vertical is-layout-flex wp-container-core-group-is-layout-8cf370e7 wp-block-group-is-layout-flex\">\n<div class=\"wp-block-group is-vertical is-layout-flex wp-container-core-group-is-layout-8cf370e7 wp-block-group-is-layout-flex\">\n<p><\/p>\n\n\n\n<p><strong>M\u00e1s por Entre R\u00edos<\/strong><\/p>\n\n\n\n<ul class=\"wp-block-list\">\n<li>Teresa Venecio&nbsp;<\/li>\n\n\n\n<li>Luis Mar\u00eda Setau<\/li>\n\n\n\n<li>Norma Romero&nbsp;<\/li>\n<\/ul>\n\n\n\n<p><strong>Unibloque<\/strong><\/p>\n\n\n\n<ul class=\"wp-block-list\">\n<li>Alexander Tomez<\/li>\n<\/ul>\n\n\n\n<p><strong>Juntos por el cambio<\/strong>:&nbsp;<\/p>\n\n\n\n<ul class=\"wp-block-list\">\n<li>Alberto Valenzuela<\/li>\n\n\n\n<li>Angelina Mar\u00eda de las Nieves Vidal<\/li>\n<\/ul>\n<\/div>\n\n\n\n<div class=\"wp-block-group is-vertical is-layout-flex wp-container-core-group-is-layout-8cf370e7 wp-block-group-is-layout-flex\">\n<p><\/p>\n\n\n\n<p><strong>Uni\u00f3n Vecinal:&nbsp;<\/strong><\/p>\n\n\n\n<ul class=\"wp-block-list\">\n<li>Mar\u00eda Jos\u00e9 Etcheverry<\/li>\n<\/ul>\n<\/div>\n<\/div>\n<\/div>\n","protected":false},"excerpt":{"rendered":"<p>Honorable Concejo Deliberante AUTORIDADES: M\u00e1s por Entre R\u00edos Unibloque Juntos por el cambio:&nbsp; Uni\u00f3n Vecinal:&nbsp;<\/p>\n","protected":false},"author":2,"featured_media":0,"parent":0,"menu_order":0,"comment_status":"closed","ping_status":"closed","template":"","meta":{"footnotes":""},"class_list":["post-444","page","type-page","status-publish","hentry"],"_links":{"self":[{"href":"https:\/\/saucedeluna.gob.ar\/index.php\/wp-json\/wp\/v2\/pages\/444","targetHints":{"allow":["GET"]}}],"collection":[{"href":"https:\/\/saucedeluna.gob.ar\/index.php\/wp-json\/wp\/v2\/pages"}],"about":[{"href":"https:\/\/saucedeluna.gob.ar\/index.php\/wp-json\/wp\/v2\/types\/page"}],"author":[{"embeddable":true,"href":"https:\/\/saucedeluna.gob.ar\/index.php\/wp-json\/wp\/v2\/users\/2"}],"replies":[{"embeddable":true,"href":"https:\/\/saucedeluna.gob.ar\/index.php\/wp-json\/wp\/v2\/comments?post=444"}],"version-history":[{"count":8,"href":"https:\/\/saucedeluna.gob.ar\/index.php\/wp-json\/wp\/v2\/pages\/444\/revisions"}],"predecessor-version":[{"id":3215,"href":"https:\/\/saucedeluna.gob.ar\/index.php\/wp-json\/wp\/v2\/pages\/444\/revisions\/3215"}],"wp:attachment":[{"href":"https:\/\/saucedeluna.gob.ar\/index.php\/wp-json\/wp\/v2\/media?parent=444"}],"curies":[{"name":"wp","href":"https:\/\/api.w.org\/{rel}","templated":true}]}}